{"id":10971,"date":"2020-02-16T23:37:30","date_gmt":"2020-02-16T22:37:30","guid":{"rendered":"http:\/\/esclusivanieruchomosci.pl\/?page_id=10971"},"modified":"2020-02-25T09:06:23","modified_gmt":"2020-02-25T08:06:23","slug":"o-nas","status":"publish","type":"page","link":"https:\/\/esclusivanieruchomosci.pl\/it\/o-nas\/","title":{"rendered":"O Nas"},"content":{"rendered":"<div data-vc-full-width=\"true\" data-vc-full-width-init=\"false\" class=\"wpb-container vc_row\"><div class=\"wpb-container-inner\"><div class=\"container-full\"><div class=\"vc_row wpb_row vc_row-fluid row\"><div class=\"vc_ col-sm-12\"><div class=\"vc_column-inner vc_custom_1581896670789\"><div class=\"wpb_wrapper\"><div class=\"wpb_revslider_element wpb_content_element\"><link href=\"https:\/\/fonts.googleapis.com\/css?family=Montserrat:700%2C400\" rel=\"stylesheet\" property=\"stylesheet\" type=\"text\/css\" media=\"all\">\n<div id=\"rev_slider_8_1_wrapper\" class=\"rev_slider_wrapper fullwidthbanner-container\" data-source=\"gallery\" style=\"margin:0px auto;background:transparent;padding:0px;margin-top:0px;margin-bottom:0px;\">\n<!-- START REVOLUTION SLIDER 5.4.8 fullwidth mode -->\n\t<div id=\"rev_slider_8_1\" class=\"rev_slider fullwidthabanner\" style=\"display:none;\" data-version=\"5.4.8\">\n<ul>\t<!-- SLIDE  -->\n\t<li data-index=\"rs-12\" data-transition=\"notransition\" data-slotamount=\"default\" data-hideafterloop=\"0\" data-hideslideonmobile=\"off\"  data-easein=\"default\" data-easeout=\"default\" data-masterspeed=\"default\"  data-rotate=\"0\"  data-saveperformance=\"off\"  data-title=\"Slide\" data-param1=\"\" data-param2=\"\" data-param3=\"\" data-param4=\"\" data-param5=\"\" data-param6=\"\" data-param7=\"\" data-param8=\"\" data-param9=\"\" data-param10=\"\" data-description=\"\">\n\t\t<!-- MAIN IMAGE -->\n\t\t<img loading=\"lazy\" decoding=\"async\" src=\"https:\/\/esclusivanieruchomosci.pl\/wp-content\/uploads\/2015\/11\/footerbg.jpg\"  alt=\"\" title=\"footerbg\"  width=\"2003\" height=\"605\" data-bgposition=\"center center\" data-kenburns=\"on\" data-duration=\"10000\" data-ease=\"Linear.easeNone\" data-scalestart=\"100\" data-scaleend=\"120\" data-rotatestart=\"0\" data-rotateend=\"0\" data-blurstart=\"0\" data-blurend=\"0\" data-offsetstart=\"0 0\" data-offsetend=\"0 0\" class=\"rev-slidebg\" data-no-retina>\n\t\t<!-- LAYERS -->\n\n\t\t<!-- LAYER NR. 1 -->\n\t\t<div class=\"tp-caption   tp-resizeme\" \n\t\t\t id=\"slide-12-layer-5\" \n\t\t\t data-x=\"['left','left','left','left']\" data-hoffset=\"['819','819','819','819']\" \n\t\t\t data-y=\"['top','top','top','top']\" data-voffset=\"['-1','-1','-1','-1']\" \n\t\t\t\t\t\tdata-width=\"none\"\n\t\t\tdata-height=\"none\"\n\t\t\tdata-whitespace=\"nowrap\"\n \n\t\t\tdata-type=\"image\" \n\t\t\tdata-responsive_offset=\"on\" \n\n\t\t\tdata-frames='[{\"delay\":310,\"speed\":300,\"frame\":\"0\",\"to\":\"o:1;\",\"ease\":\"Power3.easeInOut\"},{\"delay\":\"wait\",\"speed\":300,\"frame\":\"999\",\"ease\":\"Power3.easeInOut\"}]'\n\t\t\tdata-textalign=\"['inherit','inherit','inherit','inherit']\"\n\t\t\tdata-paddingtop=\"[0,0,0,0]\"\n\t\t\tdata-paddingright=\"[0,0,0,0]\"\n\t\t\tdata-paddingbottom=\"[0,0,0,0]\"\n\t\t\tdata-paddingleft=\"[0,0,0,0]\"\n\n\t\t\tstyle=\"z-index: 6;\"><img loading=\"lazy\" decoding=\"async\" src=\"https:\/\/esclusivanieruchomosci.pl\/wp-content\/uploads\/2020\/02\/agentnieruchomosci-2.png\" alt=\"\" data-ww=\"['356px','356px','356px','356px']\" data-hh=\"['654px','654px','654px','654px']\" width=\"545\" height=\"1000\" data-no-retina> <\/div>\n\n\t\t<!-- LAYER NR. 2 -->\n\t\t<div class=\"tp-caption   tp-resizeme\" \n\t\t\t id=\"slide-12-layer-1\" \n\t\t\t data-x=\"['center','center','center','center']\" data-hoffset=\"['0','0','0','0']\" \n\t\t\t data-y=\"['top','top','top','top']\" data-voffset=\"['185','185','185','185']\" \n\t\t\t\t\t\tdata-fontsize=\"['50','50','50','29']\"\n\t\t\tdata-lineheight=\"['50','50','50','29']\"\n\t\t\tdata-width=\"none\"\n\t\t\tdata-height=\"none\"\n\t\t\tdata-whitespace=\"nowrap\"\n \n\t\t\tdata-type=\"text\" \n\t\t\tdata-responsive_offset=\"on\" \n\n\t\t\tdata-frames='[{\"delay\":500,\"speed\":300,\"frame\":\"0\",\"to\":\"o:1;\",\"ease\":\"Power2.easeInOut\"},{\"delay\":\"wait\",\"speed\":300,\"frame\":\"999\",\"ease\":\"nothing\"}]'\n\t\t\tdata-textalign=\"['left','left','left','left']\"\n\t\t\tdata-paddingtop=\"[0,0,0,0]\"\n\t\t\tdata-paddingright=\"[0,0,0,0]\"\n\t\t\tdata-paddingbottom=\"[0,0,0,0]\"\n\t\t\tdata-paddingleft=\"[0,0,0,0]\"\n\n\t\t\tstyle=\"z-index: 7; white-space: nowrap; font-size: 50px; line-height: 50px; font-weight: 700; color: rgba(255,255,255,1); letter-spacing: px;font-family:Montserrat;\"> <span class=\"esclusiva\">Esclusiva<\/span> Nieruchomo\u015bci  <\/div>\n\n\t\t<!-- LAYER NR. 3 -->\n\t\t<div class=\"tp-caption   tp-resizeme\" \n\t\t\t id=\"slide-12-layer-2\" \n\t\t\t data-x=\"['center','center','center','center']\" data-hoffset=\"['0','0','0','0']\" \n\t\t\t data-y=\"['top','top','top','top']\" data-voffset=\"['235','235','235','235']\" \n\t\t\t\t\t\tdata-fontsize=\"['20','20','20','18']\"\n\t\t\tdata-lineheight=\"['20','20','20','18']\"\n\t\t\tdata-width=\"none\"\n\t\t\tdata-height=\"none\"\n\t\t\tdata-whitespace=\"nowrap\"\n \n\t\t\tdata-type=\"text\" \n\t\t\tdata-responsive_offset=\"on\" \n\n\t\t\tdata-frames='[{\"delay\":500,\"speed\":300,\"frame\":\"0\",\"to\":\"o:1;\",\"ease\":\"Power2.easeInOut\"},{\"delay\":\"wait\",\"speed\":300,\"frame\":\"999\",\"ease\":\"nothing\"}]'\n\t\t\tdata-textalign=\"['left','left','left','left']\"\n\t\t\tdata-paddingtop=\"[0,0,0,0]\"\n\t\t\tdata-paddingright=\"[0,0,0,0]\"\n\t\t\tdata-paddingbottom=\"[0,0,0,0]\"\n\t\t\tdata-paddingleft=\"[0,0,0,0]\"\n\n\t\t\tstyle=\"z-index: 8; white-space: nowrap; font-size: 20px; line-height: 20px; font-weight: 400; color: rgba(204,204,204,1); letter-spacing: px;font-family:Montserrat;\">Znajd\u017a z nami swoj\u0105 wymarzon\u0105 <span class=\"nieruchomosc\">nieruchomo\u015b\u0107<\/span> <\/div>\n\t<\/li>\n<\/ul>\n<div class=\"tp-bannertimer tp-bottom\" style=\"visibility: hidden !important;\"><\/div>\t<\/div>\n<script>var htmlDiv = document.getElementById(\"rs-plugin-settings-inline-css\"); var htmlDivCss=\"\";\n\t\t\t\tif(htmlDiv) {\n\t\t\t\t\thtmlDiv.innerHTML = htmlDiv.innerHTML + htmlDivCss;\n\t\t\t\t}else{\n\t\t\t\t\tvar htmlDiv = document.createElement(\"div\");\n\t\t\t\t\thtmlDiv.innerHTML = \"<style>\" + htmlDivCss + \"<\/style>\";\n\t\t\t\t\tdocument.getElementsByTagName(\"head\")[0].appendChild(htmlDiv.childNodes[0]);\n\t\t\t\t}\n\t\t\t<\/script>\n\t\t<script type=\"text\/javascript\">\nif (setREVStartSize!==undefined) setREVStartSize(\n\t{c: '#rev_slider_8_1', responsiveLevels: [1240,1024,778,480], gridwidth: [1240,1024,778,480], gridheight: [610,768,960,720], sliderLayout: 'fullwidth'});\n\t\t\t\nvar revapi8,\n\ttpj;\t\n(function() {\t\t\t\n\tif (!\/loaded|interactive|complete\/.test(document.readyState)) document.addEventListener(\"DOMContentLoaded\",onLoad); else onLoad();\t\n\tfunction onLoad() {\t\t\t\t\n\t\tif (tpj===undefined) { tpj = jQuery; if(\"off\" == \"on\") tpj.noConflict();}\n\tif(tpj(\"#rev_slider_8_1\").revolution == undefined){\n\t\trevslider_showDoubleJqueryError(\"#rev_slider_8_1\");\n\t}else{\n\t\trevapi8 = tpj(\"#rev_slider_8_1\").show().revolution({\n\t\t\tsliderType:\"standard\",\n\t\t\tjsFileLocation:\"\/\/esclusivanieruchomosci.pl\/wp-content\/plugins\/revslider\/public\/assets\/js\/\",\n\t\t\tsliderLayout:\"fullwidth\",\n\t\t\tdottedOverlay:\"none\",\n\t\t\tdelay:5000,\n\t\t\tnavigation: {\n\t\t\t\tonHoverStop:\"off\",\n\t\t\t},\n\t\t\tresponsiveLevels:[1240,1024,778,480],\n\t\t\tvisibilityLevels:[1240,1024,778,480],\n\t\t\tgridwidth:[1240,1024,778,480],\n\t\t\tgridheight:[610,768,960,720],\n\t\t\tlazyType:\"none\",\n\t\t\tshadow:0,\n\t\t\tspinner:\"spinner0\",\n\t\t\tstopLoop:\"off\",\n\t\t\tstopAfterLoops:-1,\n\t\t\tstopAtSlide:-1,\n\t\t\tshuffle:\"off\",\n\t\t\tautoHeight:\"off\",\n\t\t\tdisableProgressBar:\"on\",\n\t\t\thideThumbsOnMobile:\"off\",\n\t\t\thideSliderAtLimit:0,\n\t\t\thideCaptionAtLimit:0,\n\t\t\thideAllCaptionAtLilmit:0,\n\t\t\tdebugMode:false,\n\t\t\tfallbacks: {\n\t\t\t\tsimplifyAll:\"off\",\n\t\t\t\tnextSlideOnWindowFocus:\"off\",\n\t\t\t\tdisableFocusListener:false,\n\t\t\t}\n\t\t});\n\t}; \/* END OF revapi call *\/\n\t\n }; \/* END OF ON LOAD FUNCTION *\/\n}()); \/* END OF WRAPPING FUNCTION *\/\n<\/script>\n\t\t<\/div><!-- END REVOLUTION SLIDER --><\/div><\/div><\/div><\/div><\/div><\/div><\/div><\/div><div class=\"vc_row-full-width\"><\/div><div class=\"wpb-container vc_row\"><div class=\"wpb-container-inner\"><div class=\"container\"><div class=\"vc_row wpb_row vc_row-fluid row\"><div class=\"vc_ col-sm-12\"><div class=\"vc_column-inner vc_custom_1581621531222\"><div class=\"wpb_wrapper\"><div class=\"vc_row wpb_row vc_inner vc_row-fluid aboutusboxes\"><div class=\"vc_ col-sm-3\"><div class=\"vc_column-inner\"><div class=\"wpb_wrapper\"><section\n\tclass=\"pbr-calltoaction vc_cta3-container\">\n\t<div class=\"vc_general vc_cta3 text-gray vc_cta3-style-custom vc_cta3-shape-rounded vc_cta3-align-center vc_cta3-icons-on-border vc_cta3-icon-size-lg vc_cta3-icons-top\" style=\"background-color:rgb(255,255,255);background-color:rgba(255,255,255,0.01);\">\n\t\t<div class=\"vc_cta3-icons\"><div\n\tclass=\"vc_icon_element vc_icon_element-outer vc_icon_element-align-left\">\n\t<div class=\"text-primary vc_icon_element-inner vc_icon_element-color- vc_icon_element-size-lg vc_icon_element-style- vc_icon_element-background-color-\"><span class=\"vc_icon_element-icon typcn typcn-home-outline\" ><\/span><\/div>\n<\/div>\n<\/div>\t\t\t\t<div class=\"vc_cta3_content-container\">\n\t\t\t\t\t\t\t\t\t<div class=\"vc_cta3-content\">\n\t\t\t\t<div class=\"vc_cta3-content-header\">\n\t\t\t\t\t\t\t\t\t\t<h2 style=\"font-size: 14px;color: #ffffff;line-height: 24px;font-family:Montserrat;font-weight:400;font-style:normal\" class=\"vc_custom_heading\" >PROFESJONALNA WYCENA<\/h2>\t\t\t\t<\/div>\n\t\t\t\t\t\t\t<\/div>\n\t\t\t\t\t\t\t\t<\/div>\n\t\t\t\t\t<\/div>\n<\/section>\n<\/div><\/div><\/div><div class=\"vc_ col-sm-3\"><div class=\"vc_column-inner\"><div class=\"wpb_wrapper\"><section\n\tclass=\"pbr-calltoaction vc_cta3-container\">\n\t<div class=\"vc_general vc_cta3 text-gray vc_cta3-style-custom vc_cta3-shape-rounded vc_cta3-align-center vc_cta3-icons-on-border vc_cta3-icon-size-lg vc_cta3-icons-top\" style=\"background-color:rgb(255,255,255);background-color:rgba(255,255,255,0.01);\">\n\t\t<div class=\"vc_cta3-icons\"><div\n\tclass=\"vc_icon_element vc_icon_element-outer vc_icon_element-align-left\">\n\t<div class=\"text-primary vc_icon_element-inner vc_icon_element-color- vc_icon_element-size-lg vc_icon_element-style- vc_icon_element-background-color-\"><span class=\"vc_icon_element-icon entypo-icon entypo-icon-vcard\" ><\/span><\/div>\n<\/div>\n<\/div>\t\t\t\t<div class=\"vc_cta3_content-container\">\n\t\t\t\t\t\t\t\t\t<div class=\"vc_cta3-content\">\n\t\t\t\t<div class=\"vc_cta3-content-header\">\n\t\t\t\t\t\t\t\t\t\t<h2 style=\"font-size: 14px;color: #ffffff;line-height: 24px;font-family:Montserrat;font-weight:400;font-style:normal\" class=\"vc_custom_heading\" >DO\u015aWIADCZENI AGENCI<\/h2>\t\t\t\t<\/div>\n\t\t\t\t\t\t\t<\/div>\n\t\t\t\t\t\t\t\t<\/div>\n\t\t\t\t\t<\/div>\n<\/section>\n<\/div><\/div><\/div><div class=\"vc_ col-sm-3\"><div class=\"vc_column-inner\"><div class=\"wpb_wrapper\"><section\n\tclass=\"pbr-calltoaction vc_cta3-container\">\n\t<div class=\"vc_general vc_cta3 text-gray vc_cta3-style-custom vc_cta3-shape-rounded vc_cta3-align-center vc_cta3-icons-on-border vc_cta3-icon-size-lg vc_cta3-icons-top\" style=\"background-color:rgb(255,255,255);background-color:rgba(255,255,255,0.01);\">\n\t\t<div class=\"vc_cta3-icons\"><div\n\tclass=\"vc_icon_element vc_icon_element-outer vc_icon_element-align-left\">\n\t<div class=\"text-primary vc_icon_element-inner vc_icon_element-color- vc_icon_element-size-lg vc_icon_element-style- vc_icon_element-background-color-\"><span class=\"vc_icon_element-icon typcn typcn-messages\" ><\/span><\/div>\n<\/div>\n<\/div>\t\t\t\t<div class=\"vc_cta3_content-container\">\n\t\t\t\t\t\t\t\t\t<div class=\"vc_cta3-content\">\n\t\t\t\t<div class=\"vc_cta3-content-header\">\n\t\t\t\t\t\t\t\t\t\t<h2 style=\"font-size: 14px;color: #ffffff;line-height: 24px;font-family:Montserrat;font-weight:400;font-style:normal\" class=\"vc_custom_heading\" >PE\u0141NE WSPARCIE I POMOC<\/h2>\t\t\t\t<\/div>\n\t\t\t\t\t\t\t<\/div>\n\t\t\t\t\t\t\t\t<\/div>\n\t\t\t\t\t<\/div>\n<\/section>\n<\/div><\/div><\/div><div class=\"vc_ col-sm-3\"><div class=\"vc_column-inner\"><div class=\"wpb_wrapper\"><section\n\tclass=\"pbr-calltoaction vc_cta3-container\">\n\t<div class=\"vc_general vc_cta3 text-gray vc_cta3-style-custom vc_cta3-shape-rounded vc_cta3-align-center vc_cta3-icons-on-border vc_cta3-icon-size-lg vc_cta3-icons-top\" style=\"background-color:rgb(255,255,255);background-color:rgba(255,255,255,0.01);\">\n\t\t<div class=\"vc_cta3-icons\"><div\n\tclass=\"vc_icon_element vc_icon_element-outer vc_icon_element-align-left\">\n\t<div class=\"text-primary vc_icon_element-inner vc_icon_element-color- vc_icon_element-size-lg vc_icon_element-style- vc_icon_element-background-color-\"><span class=\"vc_icon_element-icon vc_li vc_li-clock\" ><\/span><\/div>\n<\/div>\n<\/div>\t\t\t\t<div class=\"vc_cta3_content-container\">\n\t\t\t\t\t\t\t\t\t<div class=\"vc_cta3-content\">\n\t\t\t\t<div class=\"vc_cta3-content-header\">\n\t\t\t\t\t\t\t\t\t\t<h2 style=\"font-size: 14px;color: #ffffff;line-height: 24px;font-family:Montserrat;font-weight:400;font-style:normal\" class=\"vc_custom_heading\" >OSZCZ\u0118DNO\u015a\u0106 CZASU<\/h2>\t\t\t\t<\/div>\n\t\t\t\t\t\t\t<\/div>\n\t\t\t\t\t\t\t\t<\/div>\n\t\t\t\t\t<\/div>\n<\/section>\n<\/div><\/div><\/div><\/div><\/div><\/div><\/div><\/div><\/div><\/div><\/div><div class=\"wpb-container vc_row\"><div class=\"wpb-container-inner\"><div class=\"container\"><div class=\"vc_row wpb_row vc_row-fluid row  slider-search-transparent\"><div class=\"vc_ col-sm-12\"><div class=\"vc_column-inner\"><div class=\"wpb_wrapper\">\r\n<div class=\"widget-text-heading onas default\">\r\n\t        <h3 class=\"widget-heading\" >\r\n           <span><span>O nas<\/span><\/span>\r\n                    <\/h3>\r\n    <\/div><div class=\"vc_empty_space\"   style=\"height: 50px\"><span class=\"vc_empty_space_inner\"><\/span><\/div>\n\t<div class=\"wpb_text_column wpb_content_element  wpb_animate_when_almost_visible wpb_slideInLeft slideInLeft vc_custom_1582237501013 textcontentforpage\" >\n\t\t<div class=\"wpb_wrapper\">\n\t\t\t<p style=\"text-align: center;\"><strong>\u0141\u0105czymy to co najlepsze !<\/strong><\/p>\n<p style=\"text-align: center;\"><strong>Porozmawiajmy o konkretach i skutecznej strategii sprzeda\u017cy nieruchomo\u015bci.<\/strong><\/p>\n<p style=\"text-align: center;\"><strong>Zaoszcz\u0119dzimy tw\u00f3j czas. Sprawd\u017a ju\u017c dzi\u015b jak \u0142atwo, profesjonalnie i na dogodnych warunkach mo\u017cesz sprzeda\u0107, kupi\u0107 lub wynaj\u0105\u0107 swoj\u0105 nieruchomo\u015b\u0107.<\/strong><\/p>\n<p style=\"text-align: center;\"><strong>Kolejna zalet\u0105 naszej firmy jest budowa dom\u00f3w w technologii szkieletowej. Budujemy domki letniskowe oraz domy ca\u0142oroczne.<\/strong><\/p>\n<p style=\"text-align: center;\"><strong>Zbuduj z nami sw\u00f3j wymarzony dom.<\/strong><\/p>\n<p style=\"text-align: center;\"><strong>Nasz profesjonalny zesp\u00f3\u0142 przeprowadzi Pa\u0144stwa przez ca\u0142y proces.<\/strong><\/p>\n<p style=\"text-align: center;\"><strong>Zapraszamy do wsp\u00f3\u0142pracy i skorzystania z darmowej konsultacji.<\/strong><\/p>\n\n\t\t<\/div>\n\t<\/div>\n<\/div><\/div><\/div><\/div><\/div><\/div><\/div><div class=\"wpb-container vc_row vc_custom_1581896619959\"><div class=\"wpb-container-inner\"><div class=\"container\"><div class=\"vc_row wpb_row vc_row-fluid row\"><div class=\"vc_ col-sm-12\"><div class=\"vc_column-inner\"><div class=\"wpb_wrapper\">\r\n<div class=\"widget-text-heading onas default\">\r\n\t        <h3 class=\"widget-heading\" >\r\n           <span><span>Ostatnio dodane nieruchomo\u015bci<\/span><\/span>\r\n                    <\/h3>\r\n    <\/div><div class=\"widget widget-estate-property\">\n\t\t\n\t<div class=\"widget-content\">\n\t\t\t\t<div class=\"opalesate-recent-property opalestate-rows\">\n\t\t\t \n\t\t\t\t<div class=\"row\">\n\t\t\t\t\t\n\t\t\t\t\t                \t                \t\t<div class=\"col-lg-4 col-md-4 col-sm-4  first-child\">\n\t                \t\t<article itemscope itemtype=\"http:\/\/schema.org\/Property\" class=\"post-12501 opalestate_property type-opalestate_property status-publish has-post-thumbnail hentry property_category-nieruchomosci opalestate_amenities-balkon opalestate_amenities-garderoba opalestate_amenities-oddzielna-kuchnia opalestate_amenities-taras opalestate_location-sardynia-wlochy opalestate_status-na-sprzedaz opalestate_types-apartament opalestate_types-dom opalestate_types-dzialka opalestate_types-loft opalestate_types-mieszkanie\">\n\t\n\t<div class=\"property-group-label\">\n\t\t    <span class=\"label-featured label label-success\">Polecane<\/span>\n\t<\/div>\n\t\n\t<header>\n\t \t\n    <div class=\"property-box-image\">\n        <a href=\"https:\/\/esclusivanieruchomosci.pl\/it\/property\/parter-domu-stintino-la-pelosa-sardegna\/\" class=\"property-box-image-inner\">\n\t\t\t\t\t\t\t<img loading=\"lazy\" decoding=\"async\" width=\"474\" height=\"356\" src=\"https:\/\/esclusivanieruchomosci.pl\/wp-content\/uploads\/2025\/06\/10-1-800x600.jpg\" class=\"attachment-large size-large wp-post-image\" alt=\"\" \/>\t\t\t        <\/a>\n    <\/div>\n\t\t\t<ul class=\"property-status\"><li class=\"property-status-item property-status-na-sprzedaz\"><span>Na Sprzeda\u017c<\/span><\/li><\/ul>\t<\/header>\n     \n\t        <div class=\"property-meta\">\n            <ul class=\"property-meta-list list-inline\">\n\t\t\t\t\t\t\t\t\t\t\t\t\t\t\t\t\t\t\t\t\t\t\t\t\t\t                            <li class=\"property-label-bathrooms\" data-toggle=\"tooltip\" data-placement=\"top\" title=\"\u0141azienka\"><i\n                                        class=\"icon-property-bathrooms\"><\/i><span class=\"label-property\">\u0141azienka<\/span> <span\n                                        class=\"label-content\">1<\/span><\/li>\n\t\t\t\t\t\t\t\t\t\t\t\t\t\t\t\t\t                            <li class=\"property-label-bedrooms\" data-toggle=\"tooltip\" data-placement=\"top\" title=\"Sypialnia\"><i\n                                        class=\"icon-property-bedrooms\"><\/i><span class=\"label-property\">Sypialnia<\/span> <span\n                                        class=\"label-content\">2<\/span><\/li>\n\t\t\t\t\t\t\t\t\t\t\t\t\t\t\t\t\t                            <li class=\"property-label-parking\" data-toggle=\"tooltip\" data-placement=\"top\" title=\"Parking\"><i\n                                        class=\"icon-property-parking\"><\/i><span class=\"label-property\">Parking<\/span> <span\n                                        class=\"label-content\">2<\/span><\/li>\n\t\t\t\t\t\t\t\t\t\t\t\t\t\t\t            <\/ul>\n        <\/div>\n\t\t    \t\n\t<div class=\"entry-content\">\n\t\t\n\t\t<h4 class=\"entry-title\"><a href=\"https:\/\/esclusivanieruchomosci.pl\/it\/property\/parter-domu-stintino-la-pelosa-sardegna\/\" rel=\"bookmark\">Parter domu &#8211; Stintino La Pelosa &#8211; SARDEGNA<\/a><\/h4>\t\t\t\n\t  \t<div class=\"entry-summary\">\n\t\t\tSardegna - La Perosa\t\t<\/div>\n\t<\/div><!-- .entry-content -->\n\n \t<div class=\"property-meta-bottom\">\t\n\t\t <div class=\"property-price\">\n\t\t\t            <span>0.00&#122;&#322;<\/span>\n\t\t\n\t\t            <span class=\"property-price-label\">\n\t\t\t<br \/> do uzgodnienia\t\t<\/span>\n\t\t\t<\/div>\n\t<\/div>\n\n\t<div class=\"entry-content-bottom clearfix\">\n\t\t<a href=\"https:\/\/esclusivanieruchomosci.pl\/it\/property-agent\/wioletta-sochan\/\" class=\"author-link\"><span>Wioletta Sochan<\/span><\/a>\t\t\t<\/div>\n\n\t\n\t<meta itemprop=\"url\" content=\"https:\/\/esclusivanieruchomosci.pl\/it\/property\/parter-domu-stintino-la-pelosa-sardegna\/\" \/>\n\n<\/article><!-- #post-## -->\n\t                \t<\/div>\n\t                \t            \t\n\t\t\t\t\t\t\t\t\t<\/div>\n\t\t\t\t \n\t\t\t\t\n\t\t<\/div>\n\t<\/div>\t\n<\/div>\t\n\r\n<div class=\"widget-text-heading onas default\">\r\n\t        <h3 class=\"widget-heading\" >\r\n           <span><span>Opinie naszych klient\u00f3w<\/span><\/span>\r\n                    <\/h3>\r\n    <\/div>\r\n<div class=\"widget-nostyle pbr-testimonial testimonials testimonials-left\">\r\n\t\t\t \r\n\t\t\t<!-- Skin 1 -->\r\n\t\t\t<div id=\"carousel-qXYDQ\" class=\"widget-content owl-carousel-play\" data-ride=\"owlcarousel\">\r\n\t\t\t\t\t<div class=\"owl-carousel\" data-slide=\"3\" data-pagination=\"true\" data-navigation=\"true\" data-desktop=\"[1199,2]\" data-desktopsmall=\"[980,1]\" data-tablet=\"[768,1]\">\r\n\t\t\t\t\t\t\t\t\t\t\t<!-- Wrapper for slides -->\r\n\t\t\t\t\t\t<div class=\"item\">\r\n\t\t\t\t\t\t\t<div class=\"testimonials-left\">\n\t<div class=\"testimonials-body\">\n\t    \n\t    <div class=\"testimonials-profile\">\n\t        <div class=\"testimonials-avatar radius-x\">\n\t              \t        <\/div> \n\t        <h4 class=\"name\"> Pawe\u0142 Watral<\/h4>\n\t        \t            <div class=\"job\">Gorz\u00f3w Wlkp<\/div>\n\t         \t    <\/div>\n\n\t    <div class=\"testimonials-quote\"><p>Polecam biuro Esclusiva. Wielki szacunek dla Pani Wioletty, kt\u00f3ra doprowadzi\u0142a do sprzeda\u017cy naszej nieruchomo\u015bci. Skomplikowani klienci nie dla Pani po\u015brednik. Wielkie dzi\u0119ki.<\/p>\n<\/div>\n\t                        \n\t<\/div>\n<\/div>\t\t\t\t\t\t<\/div>\r\n\t\t\t\t\t\t\t\t\t\t\t\t\t\t\t\t\t<!-- Wrapper for slides -->\r\n\t\t\t\t\t\t<div class=\"item\">\r\n\t\t\t\t\t\t\t<div class=\"testimonials-left\">\n\t<div class=\"testimonials-body\">\n\t    \n\t    <div class=\"testimonials-profile\">\n\t        <div class=\"testimonials-avatar radius-x\">\n\t              <img loading=\"lazy\" decoding=\"async\" width=\"902\" height=\"1600\" src=\"https:\/\/esclusivanieruchomosci.pl\/wp-content\/uploads\/2021\/08\/IMG-20210829-WA0001.jpg\" class=\"attachment-widget size-widget wp-post-image\" alt=\"\" \/>\t        <\/div> \n\t        <h4 class=\"name\"> Ewelina K<\/h4>\n\t        \t            <div class=\"job\">Pozna\u0144<\/div>\n\t         \t    <\/div>\n\n\t    <div class=\"testimonials-quote\"><p>Gor\u0105co polecam biuro Esclusiva Nieruchomo\u015bci.<\/p>\n<\/div>\n\t                        \n\t<\/div>\n<\/div>\t\t\t\t\t\t<\/div>\r\n\t\t\t\t\t\t\t\t\t\t\t\t\t\t\t\t\t<!-- Wrapper for slides -->\r\n\t\t\t\t\t\t<div class=\"item\">\r\n\t\t\t\t\t\t\t<div class=\"testimonials-left\">\n\t<div class=\"testimonials-body\">\n\t    \n\t    <div class=\"testimonials-profile\">\n\t        <div class=\"testimonials-avatar radius-x\">\n\t              \t        <\/div> \n\t        <h4 class=\"name\"> Aldo Helman<\/h4>\n\t        \t            <div class=\"job\">Mediolan W\u0142ochy<\/div>\n\t         \t    <\/div>\n\n\t    <div class=\"testimonials-quote\"><p>Biuro godne polecenia. Pe\u0142en szacunek dla w\u0142a\u015bcicielki. Skomplikowana sprzeda\u017c zagraniczna nie dla Pani Wioletty. Serdecznie dzi\u0119kujemy. Na pewno wr\u00f3cimy.<\/p>\n<\/div>\n\t                        \n\t<\/div>\n<\/div>\t\t\t\t\t\t<\/div>\r\n\t\t\t\t\t\t\t\t\t\t\t\t\t\t\t\t\t<!-- Wrapper for slides -->\r\n\t\t\t\t\t\t<div class=\"item\">\r\n\t\t\t\t\t\t\t<div class=\"testimonials-left\">\n\t<div class=\"testimonials-body\">\n\t    \n\t    <div class=\"testimonials-profile\">\n\t        <div class=\"testimonials-avatar radius-x\">\n\t              <img loading=\"lazy\" decoding=\"async\" width=\"70\" height=\"70\" src=\"https:\/\/esclusivanieruchomosci.pl\/wp-content\/uploads\/2016\/04\/avatar-2.jpg\" class=\"attachment-widget size-widget wp-post-image\" alt=\"\" \/>\t        <\/div> \n\t        <h4 class=\"name\"> Igor Jasi\u0144ski<\/h4>\n\t        \t            <div class=\"job\">Warszawa (Polska)<\/div>\n\t         \t    <\/div>\n\n\t    <div class=\"testimonials-quote\"><p>Polecam biuro Esclusiva Nieruchomo\u015bci. Profesjonalna pomoc i zaanga\u017cowanie przy transakcji. Dzi\u0119kujemy za wsparcie.<\/p>\n<\/div>\n\t                        \n\t<\/div>\n<\/div>\t\t\t\t\t\t<\/div>\r\n\t\t\t\t\t\t\t\t\t\t\t\t\t\t\t\t\t<!-- Wrapper for slides -->\r\n\t\t\t\t\t\t<div class=\"item\">\r\n\t\t\t\t\t\t\t<div class=\"testimonials-left\">\n\t<div class=\"testimonials-body\">\n\t    \n\t    <div class=\"testimonials-profile\">\n\t        <div class=\"testimonials-avatar radius-x\">\n\t              <img loading=\"lazy\" decoding=\"async\" width=\"70\" height=\"70\" src=\"https:\/\/esclusivanieruchomosci.pl\/wp-content\/uploads\/2016\/04\/avatar-1.jpg\" class=\"attachment-widget size-widget wp-post-image\" alt=\"\" \/>\t        <\/div> \n\t        <h4 class=\"name\"> Jan Nowak<\/h4>\n\t        \t            <div class=\"job\">Rzym (W\u0142ochy)<\/div>\n\t         \t    <\/div>\n\n\t    <div class=\"testimonials-quote\"><p>Profesjonalne biuro nieruchomo\u015bci. Polecam gor\u0105co.<\/p>\n<\/div>\n\t                        \n\t<\/div>\n<\/div>\t\t\t\t\t\t<\/div>\r\n\t\t\t\t\t\t\t\t\t\t\t\t\t\t\t<\/div>\r\n\t\t\t\t\t\t\t<\/div>\r\n\t<\/div>\r\n<div class=\"vc_empty_space\"   style=\"height: 50px\"><span class=\"vc_empty_space_inner\"><\/span><\/div><\/div><\/div><\/div><\/div><\/div><\/div><\/div>","protected":false},"excerpt":{"rendered":"Profesjonalne biuro nieruchomo\u015bci. Polecam gor\u0105co.","protected":false},"author":1,"featured_media":0,"parent":0,"menu_order":0,"comment_status":"closed","ping_status":"closed","template":"","meta":{"footnotes":""},"class_list":["post-10971","page","type-page","status-publish","hentry","has-post-thumbnail"],"aioseo_notices":[],"_links":{"self":[{"href":"https:\/\/esclusivanieruchomosci.pl\/it\/wp-json\/wp\/v2\/pages\/10971","targetHints":{"allow":["GET"]}}],"collection":[{"href":"https:\/\/esclusivanieruchomosci.pl\/it\/wp-json\/wp\/v2\/pages"}],"about":[{"href":"https:\/\/esclusivanieruchomosci.pl\/it\/wp-json\/wp\/v2\/types\/page"}],"author":[{"embeddable":true,"href":"https:\/\/esclusivanieruchomosci.pl\/it\/wp-json\/wp\/v2\/users\/1"}],"replies":[{"embeddable":true,"href":"https:\/\/esclusivanieruchomosci.pl\/it\/wp-json\/wp\/v2\/comments?post=10971"}],"version-history":[{"count":12,"href":"https:\/\/esclusivanieruchomosci.pl\/it\/wp-json\/wp\/v2\/pages\/10971\/revisions"}],"predecessor-version":[{"id":11367,"href":"https:\/\/esclusivanieruchomosci.pl\/it\/wp-json\/wp\/v2\/pages\/10971\/revisions\/11367"}],"wp:attachment":[{"href":"https:\/\/esclusivanieruchomosci.pl\/it\/wp-json\/wp\/v2\/media?parent=10971"}],"curies":[{"name":"wp","href":"https:\/\/api.w.org\/{rel}","templated":true}]}}