{"id":11080,"date":"2020-02-17T11:41:42","date_gmt":"2020-02-17T10:41:42","guid":{"rendered":"http:\/\/esclusivanieruchomosci.pl\/?page_id=11080"},"modified":"2025-04-01T20:32:28","modified_gmt":"2025-04-01T18:32:28","slug":"kontakt","status":"publish","type":"page","link":"https:\/\/esclusivanieruchomosci.pl\/it\/kontakt\/","title":{"rendered":"Kontakt"},"content":{"rendered":"<div data-vc-full-width=\"true\" data-vc-full-width-init=\"false\" class=\"wpb-container vc_row\"><div class=\"wpb-container-inner\"><div class=\"container-full\"><div class=\"vc_row wpb_row vc_row-fluid row\"><div class=\"vc_ col-sm-12\"><div class=\"vc_column-inner vc_custom_1470477890538\"><div class=\"wpb_wrapper\"><div class=\"wpb_revslider_element wpb_content_element\"><link href=\"https:\/\/fonts.googleapis.com\/css?family=Montserrat:700%2C400\" rel=\"stylesheet\" property=\"stylesheet\" type=\"text\/css\" media=\"all\">\n<div id=\"rev_slider_8_1_wrapper\" class=\"rev_slider_wrapper fullwidthbanner-container\" data-source=\"gallery\" style=\"margin:0px auto;background:transparent;padding:0px;margin-top:0px;margin-bottom:0px;\">\n<!-- START REVOLUTION SLIDER 5.4.8 fullwidth mode -->\n\t<div id=\"rev_slider_8_1\" class=\"rev_slider fullwidthabanner\" style=\"display:none;\" data-version=\"5.4.8\">\n<ul>\t<!-- SLIDE  -->\n\t<li data-index=\"rs-12\" data-transition=\"notransition\" data-slotamount=\"default\" data-hideafterloop=\"0\" data-hideslideonmobile=\"off\"  data-easein=\"default\" data-easeout=\"default\" data-masterspeed=\"default\"  data-rotate=\"0\"  data-saveperformance=\"off\"  data-title=\"Slide\" data-param1=\"\" data-param2=\"\" data-param3=\"\" data-param4=\"\" data-param5=\"\" data-param6=\"\" data-param7=\"\" data-param8=\"\" data-param9=\"\" data-param10=\"\" data-description=\"\">\n\t\t<!-- MAIN IMAGE -->\n\t\t<img loading=\"lazy\" decoding=\"async\" src=\"https:\/\/esclusivanieruchomosci.pl\/wp-content\/uploads\/2015\/11\/footerbg.jpg\"  alt=\"\" title=\"footerbg\"  width=\"2003\" height=\"605\" data-bgposition=\"center center\" data-kenburns=\"on\" data-duration=\"10000\" data-ease=\"Linear.easeNone\" data-scalestart=\"100\" data-scaleend=\"120\" data-rotatestart=\"0\" data-rotateend=\"0\" data-blurstart=\"0\" data-blurend=\"0\" data-offsetstart=\"0 0\" data-offsetend=\"0 0\" class=\"rev-slidebg\" data-no-retina>\n\t\t<!-- LAYERS -->\n\n\t\t<!-- LAYER NR. 1 -->\n\t\t<div class=\"tp-caption   tp-resizeme\" \n\t\t\t id=\"slide-12-layer-5\" \n\t\t\t data-x=\"['left','left','left','left']\" data-hoffset=\"['819','819','819','819']\" \n\t\t\t data-y=\"['top','top','top','top']\" data-voffset=\"['-1','-1','-1','-1']\" \n\t\t\t\t\t\tdata-width=\"none\"\n\t\t\tdata-height=\"none\"\n\t\t\tdata-whitespace=\"nowrap\"\n \n\t\t\tdata-type=\"image\" \n\t\t\tdata-responsive_offset=\"on\" \n\n\t\t\tdata-frames='[{\"delay\":310,\"speed\":300,\"frame\":\"0\",\"to\":\"o:1;\",\"ease\":\"Power3.easeInOut\"},{\"delay\":\"wait\",\"speed\":300,\"frame\":\"999\",\"ease\":\"Power3.easeInOut\"}]'\n\t\t\tdata-textalign=\"['inherit','inherit','inherit','inherit']\"\n\t\t\tdata-paddingtop=\"[0,0,0,0]\"\n\t\t\tdata-paddingright=\"[0,0,0,0]\"\n\t\t\tdata-paddingbottom=\"[0,0,0,0]\"\n\t\t\tdata-paddingleft=\"[0,0,0,0]\"\n\n\t\t\tstyle=\"z-index: 6;\"><img loading=\"lazy\" decoding=\"async\" src=\"https:\/\/esclusivanieruchomosci.pl\/wp-content\/uploads\/2020\/02\/agentnieruchomosci-2.png\" alt=\"\" data-ww=\"['356px','356px','356px','356px']\" data-hh=\"['654px','654px','654px','654px']\" width=\"545\" height=\"1000\" data-no-retina> <\/div>\n\n\t\t<!-- LAYER NR. 2 -->\n\t\t<div class=\"tp-caption   tp-resizeme\" \n\t\t\t id=\"slide-12-layer-1\" \n\t\t\t data-x=\"['center','center','center','center']\" data-hoffset=\"['0','0','0','0']\" \n\t\t\t data-y=\"['top','top','top','top']\" data-voffset=\"['185','185','185','185']\" \n\t\t\t\t\t\tdata-fontsize=\"['50','50','50','29']\"\n\t\t\tdata-lineheight=\"['50','50','50','29']\"\n\t\t\tdata-width=\"none\"\n\t\t\tdata-height=\"none\"\n\t\t\tdata-whitespace=\"nowrap\"\n \n\t\t\tdata-type=\"text\" \n\t\t\tdata-responsive_offset=\"on\" \n\n\t\t\tdata-frames='[{\"delay\":500,\"speed\":300,\"frame\":\"0\",\"to\":\"o:1;\",\"ease\":\"Power2.easeInOut\"},{\"delay\":\"wait\",\"speed\":300,\"frame\":\"999\",\"ease\":\"nothing\"}]'\n\t\t\tdata-textalign=\"['left','left','left','left']\"\n\t\t\tdata-paddingtop=\"[0,0,0,0]\"\n\t\t\tdata-paddingright=\"[0,0,0,0]\"\n\t\t\tdata-paddingbottom=\"[0,0,0,0]\"\n\t\t\tdata-paddingleft=\"[0,0,0,0]\"\n\n\t\t\tstyle=\"z-index: 7; white-space: nowrap; font-size: 50px; line-height: 50px; font-weight: 700; color: rgba(255,255,255,1); letter-spacing: px;font-family:Montserrat;\"> <span class=\"esclusiva\">Esclusiva<\/span> Nieruchomo\u015bci  <\/div>\n\n\t\t<!-- LAYER NR. 3 -->\n\t\t<div class=\"tp-caption   tp-resizeme\" \n\t\t\t id=\"slide-12-layer-2\" \n\t\t\t data-x=\"['center','center','center','center']\" data-hoffset=\"['0','0','0','0']\" \n\t\t\t data-y=\"['top','top','top','top']\" data-voffset=\"['235','235','235','235']\" \n\t\t\t\t\t\tdata-fontsize=\"['20','20','20','18']\"\n\t\t\tdata-lineheight=\"['20','20','20','18']\"\n\t\t\tdata-width=\"none\"\n\t\t\tdata-height=\"none\"\n\t\t\tdata-whitespace=\"nowrap\"\n \n\t\t\tdata-type=\"text\" \n\t\t\tdata-responsive_offset=\"on\" \n\n\t\t\tdata-frames='[{\"delay\":500,\"speed\":300,\"frame\":\"0\",\"to\":\"o:1;\",\"ease\":\"Power2.easeInOut\"},{\"delay\":\"wait\",\"speed\":300,\"frame\":\"999\",\"ease\":\"nothing\"}]'\n\t\t\tdata-textalign=\"['left','left','left','left']\"\n\t\t\tdata-paddingtop=\"[0,0,0,0]\"\n\t\t\tdata-paddingright=\"[0,0,0,0]\"\n\t\t\tdata-paddingbottom=\"[0,0,0,0]\"\n\t\t\tdata-paddingleft=\"[0,0,0,0]\"\n\n\t\t\tstyle=\"z-index: 8; white-space: nowrap; font-size: 20px; line-height: 20px; font-weight: 400; color: rgba(204,204,204,1); letter-spacing: px;font-family:Montserrat;\">Znajd\u017a z nami swoj\u0105 wymarzon\u0105 <span class=\"nieruchomosc\">nieruchomo\u015b\u0107<\/span> <\/div>\n\t<\/li>\n<\/ul>\n<div class=\"tp-bannertimer tp-bottom\" style=\"visibility: hidden !important;\"><\/div>\t<\/div>\n<script>var htmlDiv = document.getElementById(\"rs-plugin-settings-inline-css\"); var htmlDivCss=\"\";\n\t\t\t\tif(htmlDiv) {\n\t\t\t\t\thtmlDiv.innerHTML = htmlDiv.innerHTML + htmlDivCss;\n\t\t\t\t}else{\n\t\t\t\t\tvar htmlDiv = document.createElement(\"div\");\n\t\t\t\t\thtmlDiv.innerHTML = \"<style>\" + htmlDivCss + \"<\/style>\";\n\t\t\t\t\tdocument.getElementsByTagName(\"head\")[0].appendChild(htmlDiv.childNodes[0]);\n\t\t\t\t}\n\t\t\t<\/script>\n\t\t<script type=\"text\/javascript\">\nif (setREVStartSize!==undefined) setREVStartSize(\n\t{c: '#rev_slider_8_1', responsiveLevels: [1240,1024,778,480], gridwidth: [1240,1024,778,480], gridheight: [610,768,960,720], sliderLayout: 'fullwidth'});\n\t\t\t\nvar revapi8,\n\ttpj;\t\n(function() {\t\t\t\n\tif (!\/loaded|interactive|complete\/.test(document.readyState)) document.addEventListener(\"DOMContentLoaded\",onLoad); else onLoad();\t\n\tfunction onLoad() {\t\t\t\t\n\t\tif (tpj===undefined) { tpj = jQuery; if(\"off\" == \"on\") tpj.noConflict();}\n\tif(tpj(\"#rev_slider_8_1\").revolution == undefined){\n\t\trevslider_showDoubleJqueryError(\"#rev_slider_8_1\");\n\t}else{\n\t\trevapi8 = tpj(\"#rev_slider_8_1\").show().revolution({\n\t\t\tsliderType:\"standard\",\n\t\t\tjsFileLocation:\"\/\/esclusivanieruchomosci.pl\/wp-content\/plugins\/revslider\/public\/assets\/js\/\",\n\t\t\tsliderLayout:\"fullwidth\",\n\t\t\tdottedOverlay:\"none\",\n\t\t\tdelay:5000,\n\t\t\tnavigation: {\n\t\t\t\tonHoverStop:\"off\",\n\t\t\t},\n\t\t\tresponsiveLevels:[1240,1024,778,480],\n\t\t\tvisibilityLevels:[1240,1024,778,480],\n\t\t\tgridwidth:[1240,1024,778,480],\n\t\t\tgridheight:[610,768,960,720],\n\t\t\tlazyType:\"none\",\n\t\t\tshadow:0,\n\t\t\tspinner:\"spinner0\",\n\t\t\tstopLoop:\"off\",\n\t\t\tstopAfterLoops:-1,\n\t\t\tstopAtSlide:-1,\n\t\t\tshuffle:\"off\",\n\t\t\tautoHeight:\"off\",\n\t\t\tdisableProgressBar:\"on\",\n\t\t\thideThumbsOnMobile:\"off\",\n\t\t\thideSliderAtLimit:0,\n\t\t\thideCaptionAtLimit:0,\n\t\t\thideAllCaptionAtLilmit:0,\n\t\t\tdebugMode:false,\n\t\t\tfallbacks: {\n\t\t\t\tsimplifyAll:\"off\",\n\t\t\t\tnextSlideOnWindowFocus:\"off\",\n\t\t\t\tdisableFocusListener:false,\n\t\t\t}\n\t\t});\n\t}; \/* END OF revapi call *\/\n\t\n }; \/* END OF ON LOAD FUNCTION *\/\n}()); \/* END OF WRAPPING FUNCTION *\/\n<\/script>\n\t\t<\/div><!-- END REVOLUTION SLIDER --><\/div><\/div><\/div><\/div><\/div><\/div><\/div><\/div><div class=\"vc_row-full-width\"><\/div><div class=\"wpb-container vc_row\"><div class=\"wpb-container-inner\"><div class=\"container\"><div class=\"vc_row wpb_row vc_row-fluid row  slider-search-transparent\"><div class=\"vc_ col-sm-12\"><div class=\"vc_column-inner\"><div class=\"wpb_wrapper\"><div class=\"opalestate-search-properties\">\n\t<div class=\"inner\">\n\t\t<div class=\"search-properies-form\">\n\t\t\t<form id=\"opalestate-search-form\" class=\"opalestate-search-form opalestate-search-form--h opalestate-rows\" action=\"https:\/\/esclusivanieruchomosci.pl\/it\/wyszukiwarka\/\" method=\"get\" data-trp-original-action=\"https:\/\/esclusivanieruchomosci.pl\/it\/wyszukiwarka\/\">\n    <div class=\"row opal-row\">\n        <div class=\"col-lg-3 col-md-3 col-sm-3\">\n            <h3>Cerca<\/h3>\n        <\/div>\n        <div class=\"col-lg-9 col-md-9 col-sm-9\">\n\t\t\t                <ul class=\"list-inline clearfix list-property-status\">\n                    <li class=\"status-item   active\" data-id=\"-1\">\n                        <span>Wszystkie<\/span>\n                    <\/li>\n\t\t\t\t\t\n                        <li class=\"status-item\" data-id=\"do-wynajecia\">\n                            <span>Do Wynaj\u0119cia <\/span>\n                        <\/li>\n\t\t\t\t\t\n                        <li class=\"status-item\" data-id=\"na-sprzedaz\">\n                            <span>Na Sprzeda\u017c <\/span>\n                        <\/li>\n\t\t\t\t\t                <\/ul>\n                <input type=\"hidden\" value=\"-1\" name=\"status\"\/>\n\t\t\t        <\/div>\n    <\/div>\n    <div class=\"row opal-row\">\n        <div class=\"col-lg-10 col-md-10 col-sm-10\">\n            <div class=\"row opal-row\">\n                <div class=\"col-lg-3 col-md-3 col-sm-3 search-text-form-field\">\n                    <label>S\u0142owo kluczowe<\/label>\n                    <input class=\"form-control\" name=\"search_text\">\n                <\/div>\n\n                <div class=\"col-lg-4 col-md-4 col-sm-4\">\n                    <label>Lokalizacja<\/label>\n\t\t\t\t\t<select  name='location' id='opalestate_location1630656327' class='form-control'>\n\t<option value='-1'>Dowolne<\/option>\n\t<option class=\"level-0\" value=\"oborniki-wielkopolskie\">Oborniki Wielkopolskie<\/option>\n\t<option class=\"level-0\" value=\"poland\">Poland<\/option>\n\t<option class=\"level-0\" value=\"polska\">Polska<\/option>\n\t<option class=\"level-0\" value=\"poznan\">Pozna\u0144<\/option>\n\t<option class=\"level-0\" value=\"poznan-grunwald\">Pozna\u0144 (Grunwald)<\/option>\n\t<option class=\"level-0\" value=\"poznan-jezyce\">Pozna\u0144 (Je\u017cyce)<\/option>\n\t<option class=\"level-0\" value=\"sardynia-wlochy\">Sardynia &#8211; W\u0142ochy<\/option>\n\t<option class=\"level-0\" value=\"wlochy\">W\u0142ochy<\/option>\n\t<option class=\"level-0\" value=\"wojewodztwo-lubelskie\">wojew\u00f3dztwo Lubelskie<\/option>\n\t<option class=\"level-0\" value=\"wszystkie\">Wszystkie<\/option>\n<\/select>\n                <\/div>\n                <div class=\"col-lg-8 col-md-8 col-sm-8\">\n                    <div class=\"row opal-row\">\n\t\t\t\t\t\t\t\t\t\t\t\t\t\t\t\t\t\t\t\t\t                                <div class=\"col-lg-4 col-md-4 col-sm-4\">\n                                    <label>Sypialnia<\/label>\n\t\t\t\t\t\t\t\t\t<select class=\"form-control\" name=\"info[bedrooms]\"><option value=\"\">Dowolne<\/option><option  value=\"1\">1<\/option><option  value=\"2\">2<\/option><option  value=\"3\">3<\/option><option  value=\"4\">4<\/option><option  value=\"5\">5<\/option><option  value=\"6\">6<\/option><option  value=\"7\">7<\/option><option  value=\"8\">8<\/option><option  value=\"9\">9<\/option><option  value=\"10\">10<\/option><\/select>                                <\/div>\n\t\t\t\t\t\t\t\t\t\t\t\t\t\t\t                                <div class=\"col-lg-4 col-md-4 col-sm-4\">\n                                    <label>\u0141azienka<\/label>\n\t\t\t\t\t\t\t\t\t<select class=\"form-control\" name=\"info[bathrooms]\"><option value=\"\">Dowolne<\/option><option  value=\"1\">1<\/option><option  value=\"2\">2<\/option><option  value=\"3\">3<\/option><option  value=\"4\">4<\/option><option  value=\"5\">5<\/option><option  value=\"6\">6<\/option><option  value=\"7\">7<\/option><option  value=\"8\">8<\/option><option  value=\"9\">9<\/option><option  value=\"10\">10<\/option><\/select>                                <\/div>\n\t\t\t\t\t\t\t\t\t\t\t\t\t\t\t                                <div class=\"col-lg-4 col-md-4 col-sm-4\">\n                                    <label>Pok\u00f3j<\/label>\n\t\t\t\t\t\t\t\t\t<select class=\"form-control\" name=\"info[amountrooms]\"><option value=\"\">Dowolne<\/option><option  value=\"1\">1<\/option><option  value=\"2\">2<\/option><option  value=\"3\">3<\/option><option  value=\"4\">4<\/option><option  value=\"5\">5<\/option><option  value=\"6\">6<\/option><option  value=\"7\">7<\/option><option  value=\"8\">8<\/option><option  value=\"9\">9<\/option><option  value=\"10\">10<\/option><\/select>                                <\/div>\n\t\t\t\t\t\t\t\t\t\t\t\t\t                    <\/div>\n                <\/div>\n\n                <div class=\"col-lg-4 col-md-4 col-sm-4\">\n                    <label>Typ Nieruchomo\u015bci<\/label>\n\t\t\t\t\t<select  name='types' id='opalestate_types990693534' class='form-control'>\n\t<option value='-1' selected='selected'>Dowolne<\/option>\n\t<option class=\"level-0\" value=\"apartament\">Apartament<\/option>\n\t<option class=\"level-0\" value=\"dom\">Dom<\/option>\n\t<option class=\"level-0\" value=\"dzialka\">Dzia\u0142ka<\/option>\n\t<option class=\"level-0\" value=\"hotel\">Hotel<\/option>\n\t<option class=\"level-0\" value=\"kawalerka\">Kawalerka<\/option>\n\t<option class=\"level-0\" value=\"loft\">Loft<\/option>\n\t<option class=\"level-0\" value=\"lokal-uslugowy\">Lokal us\u0142ugowy<\/option>\n\t<option class=\"level-0\" value=\"mieszkanie\">Mieszkanie<\/option>\n<\/select>\n                <\/div>\n\t\t\t\t                    <div class=\"col-lg-4 col-md-4 col-sm-4\">\n\t\t\t\t\t\t    <div class=\"opal-slide-ranger\" data-unit=\"&#122;&#322; \" data-unitpos=\"postfix\" data-decimals=\"2\" data-thousand=\",\">\n\n        <label>            <span class=\"slide-ranger-min-label\"><\/span> <i>-<\/i>\n            <span class=\"slide-ranger-max-label\"><\/span><\/label>\n        <div class=\"slide-ranger-bar\" data-min=\"0\" data-max=\"10000000\"><\/div>\n\n        <input type=\"hidden\" class=\"slide-ranger-min-input\" autocomplete=\"off\" name=\"min_price\" value=\"0\"\/>\n        <input type=\"hidden\" name=\"max_price\" autocomplete=\"off\" class=\"slide-ranger-max-input\" value=\"10000000\"\/>\n    <\/div>\n\t                    <\/div>\n\t\t\t\t\t\t\t\t                    <div class=\"col-lg-4 col-md-4 col-sm-4\">\n\t\t\t\t\t\t    <div class=\"opal-slide-ranger\" data-unit=\"m2 \" data-unitpos=\"postfix\" data-decimals=\"0\" data-thousand=\",\">\n\n        <label>            <span class=\"slide-ranger-min-label\"><\/span> <i>-<\/i>\n            <span class=\"slide-ranger-max-label\"><\/span><\/label>\n        <div class=\"slide-ranger-bar\" data-min=\"0\" data-max=\"1000\"><\/div>\n\n        <input type=\"hidden\" class=\"slide-ranger-min-input\" autocomplete=\"off\" name=\"min_area\" value=\"0\"\/>\n        <input type=\"hidden\" name=\"max_area\" autocomplete=\"off\" class=\"slide-ranger-max-input\" value=\"1000\"\/>\n    <\/div>\n\t                    <\/div>\n\t\t\t\t            <\/div>\n        <\/div>\n        <div class=\"col-lg-2 col-md-2  col-sm-2\">\n            <button type=\"submit\" class=\"btn btn-primary btn-lg btn-search\">\n\t\t\t\tSzukaj            <\/button>\n        <\/div>\n    <\/div>\n\n\t<input type=\"hidden\" name=\"trp-form-language\" value=\"it\"\/><\/form>\n \n\t\t<\/div>\n\t<\/div>\n<\/div>\t\n<\/div><\/div><\/div><\/div><\/div><\/div><\/div><div class=\"wpb-container vc_row vc_custom_1581947090539\"><div class=\"wpb-container-inner\"><div class=\"container\"><div class=\"vc_row wpb_row vc_row-fluid row\"><div class=\"vc_ col-sm-12\"><div class=\"vc_column-inner\"><div class=\"wpb_wrapper\">\r\n<div class=\"widget-text-heading onas default\">\r\n\t        <h3 class=\"widget-heading\" >\r\n           <span><span>Kontakt z nami<\/span><\/span>\r\n                    <\/h3>\r\n    <\/div>\n<div class=\"wpcf7 no-js\" id=\"wpcf7-f8384-o1\" lang=\"en-US\" dir=\"ltr\" data-wpcf7-id=\"8384\">\n<div class=\"screen-reader-response\"><p role=\"status\" aria-live=\"polite\" aria-atomic=\"true\"><\/p> <ul><\/ul><\/div>\n<form action=\"\/it\/wp-json\/wp\/v2\/pages\/11080#wpcf7-f8384-o1\" method=\"post\" class=\"wpcf7-form init\" aria-label=\"Contact form\" novalidate=\"novalidate\" data-status=\"init\" data-trp-original-action=\"\/it\/wp-json\/wp\/v2\/pages\/11080#wpcf7-f8384-o1\">\n<div style=\"display: none;\">\n<input type=\"hidden\" name=\"_wpcf7\" value=\"8384\" \/>\n<input type=\"hidden\" name=\"_wpcf7_version\" value=\"6.0.5\" \/>\n<input type=\"hidden\" name=\"_wpcf7_locale\" value=\"en_US\" \/>\n<input type=\"hidden\" name=\"_wpcf7_unit_tag\" value=\"wpcf7-f8384-o1\" \/>\n<input type=\"hidden\" name=\"_wpcf7_container_post\" value=\"0\" \/>\n<input type=\"hidden\" name=\"_wpcf7_posted_data_hash\" value=\"\" \/>\n<input type=\"hidden\" name=\"_wpcf7_recaptcha_response\" value=\"\" \/>\n<\/div>\n<div class=\"contact-form-3\">\n\t<div class=\"row contact-form-3\">\n\t\t<div class=\"col-lg-4 col-md-4 col-sm-12 col-xs-12\">\n\t\t\t<div class=\"form-group\">\n\t\t\t\t<p><label for=\"your_name\">Imi\u0119 i Nazwisko<\/label><br \/>\n<span class=\"wpcf7-form-control-wrap\" data-name=\"text-imie\"><input size=\"40\" maxlength=\"400\" class=\"wpcf7-form-control wpcf7-text wpcf7-validates-as-required form-control\" id=\"your_name\" aria-required=\"true\" aria-invalid=\"false\" value=\"\" type=\"text\" name=\"text-imie\" \/><\/span>\n\t\t\t\t<\/p>\n\t\t\t<\/div>\n\t\t<\/div>\n\t\t<div class=\"col-lg-4 col-md-4 col-sm-12 col-xs-12\">\n\t\t\t<div class=\"form-group\">\n\t\t\t\t<p><label for=\"your_email\">E-mail<\/label><br \/>\n<span class=\"wpcf7-form-control-wrap\" data-name=\"email-adres\"><input size=\"40\" maxlength=\"400\" class=\"wpcf7-form-control wpcf7-email wpcf7-validates-as-required wpcf7-text wpcf7-validates-as-email form-control\" id=\"your_email\" aria-required=\"true\" aria-invalid=\"false\" value=\"\" type=\"email\" name=\"email-adres\" \/><\/span>\n\t\t\t\t<\/p>\n\t\t\t<\/div>\n\t\t<\/div>\n\t\t<div class=\"col-lg-4 col-md-4 col-sm-12 col-xs-12\">\n\t\t\t<div class=\"form-group\">\n\t\t\t\t<p><label for=\"contact_subject\">Temat<\/label><br \/>\n<span class=\"wpcf7-form-control-wrap\" data-name=\"text-temat\"><input size=\"40\" maxlength=\"400\" class=\"wpcf7-form-control wpcf7-text form-control\" id=\"contact_subject\" aria-invalid=\"false\" value=\"\" type=\"text\" name=\"text-temat\" \/><\/span>\n\t\t\t\t<\/p>\n\t\t\t<\/div>\n\t\t<\/div>\n\t<\/div>\n\t<div class=\"form-group\">\n\t\t<p><label for=\"your_message\">Wiadomo\u015b\u0107<\/label><br \/>\n<span class=\"wpcf7-form-control-wrap\" data-name=\"textarea-wiadomosci\"><textarea cols=\"40\" rows=\"10\" maxlength=\"2000\" class=\"wpcf7-form-control wpcf7-textarea form-control\" id=\"your_message\" aria-invalid=\"false\" name=\"textarea-wiadomosci\"><\/textarea><\/span>\n\t\t<\/p>\n\t<\/div>\n\t<div class=\"col-lg-4 col-md-4 col-sm-12 col-xs-12\">\n\t\t<div class=\"form-group\">\n\t\t<span class=\"wpcf7-form-control-wrap recaptcha\" data-name=\"recaptcha\"><span data-sitekey=\"6LdpntkUAAAAAJmHUcwIPxMHGGvIp2EbqUzigwLU\" data-theme=\"dark\" class=\"wpcf7-form-control wpcf7-recaptcha g-recaptcha\"><\/span>\r\n<noscript>\r\n\t<div class=\"grecaptcha-noscript\">\r\n\t\t<iframe loading=\"lazy\" src=\"https:\/\/www.google.com\/recaptcha\/api\/fallback?k=6LdpntkUAAAAAJmHUcwIPxMHGGvIp2EbqUzigwLU\" frameborder=\"0\" scrolling=\"no\" width=\"310\" height=\"430\">\r\n\t\t<\/iframe>\r\n\t\t<textarea name=\"g-recaptcha-response\" rows=\"3\" cols=\"40\" placeholder=\"reCaptcha Response Here\">\r\n\t\t<\/textarea>\r\n\t<\/div>\r\n<\/noscript>\r\n<\/span>\n\t\t<\/div>\n\t<\/div>\n\t<div class=\"col-lg-4 col-md-4 col-sm-12 col-xs-12\">\n\t\t<div class=\"form-group\">\n\t\t\t<p><input class=\"wpcf7-form-control wpcf7-submit has-spinner btn btn-primary radius-6x text-uppercase\" type=\"submit\" value=\"Send\" \/>\n\t\t\t<\/p>\n\t\t<\/div>\n\t<\/div>\n<\/div><div class=\"wpcf7-response-output\" aria-hidden=\"true\"><\/div>\n<input type=\"hidden\" name=\"trp-form-language\" value=\"it\"\/><\/form>\n<\/div>\n<div class=\"vc_empty_space\"   style=\"height: 50px\"><span class=\"vc_empty_space_inner\"><\/span><\/div><\/div><\/div><\/div><\/div><\/div><\/div><\/div>","protected":false},"excerpt":{"rendered":"Esclusiva Nieruchomo\u015bci Znajd\u017a z nami swoj\u0105 wymarzon\u0105 nieruchomo\u015b\u0107 Wyszukiwarka Wszystkie Do Wynaj\u0119cia Na Sprzeda\u017c S\u0142owo kluczowe Lokalizacja Dowolne Oborniki Wielkopolskie Poland Polska Pozna\u0144 Pozna\u0144 (Grunwald) Pozna\u0144 (Je\u017cyce) Sardynia &#8211; W\u0142ochy W\u0142ochy wojew\u00f3dztwo Lubelskie Wszystkie Sypialnia Dowolne12345678910 \u0141azienka Dowolne12345678910 Pok\u00f3j Dowolne12345678910 Typ Nieruchomo\u015bci Dowolne Apartament Dom Dzia\u0142ka Hotel Kawalerka Loft Lokal us\u0142ugowy Mieszkanie - - Szukaj &hellip; <a href=\"https:\/\/esclusivanieruchomosci.pl\/it\/kontakt\/\" class=\"more-link\">Continue reading <span class=\"screen-reader-text\">Kontakt<\/span> <span class=\"meta-nav\">&rarr;<\/span><\/a>","protected":false},"author":1,"featured_media":0,"parent":0,"menu_order":0,"comment_status":"closed","ping_status":"closed","template":"","meta":{"footnotes":""},"class_list":["post-11080","page","type-page","status-publish","hentry"],"aioseo_notices":[],"_links":{"self":[{"href":"https:\/\/esclusivanieruchomosci.pl\/it\/wp-json\/wp\/v2\/pages\/11080","targetHints":{"allow":["GET"]}}],"collection":[{"href":"https:\/\/esclusivanieruchomosci.pl\/it\/wp-json\/wp\/v2\/pages"}],"about":[{"href":"https:\/\/esclusivanieruchomosci.pl\/it\/wp-json\/wp\/v2\/types\/page"}],"author":[{"embeddable":true,"href":"https:\/\/esclusivanieruchomosci.pl\/it\/wp-json\/wp\/v2\/users\/1"}],"replies":[{"embeddable":true,"href":"https:\/\/esclusivanieruchomosci.pl\/it\/wp-json\/wp\/v2\/comments?post=11080"}],"version-history":[{"count":3,"href":"https:\/\/esclusivanieruchomosci.pl\/it\/wp-json\/wp\/v2\/pages\/11080\/revisions"}],"predecessor-version":[{"id":11265,"href":"https:\/\/esclusivanieruchomosci.pl\/it\/wp-json\/wp\/v2\/pages\/11080\/revisions\/11265"}],"wp:attachment":[{"href":"https:\/\/esclusivanieruchomosci.pl\/it\/wp-json\/wp\/v2\/media?parent=11080"}],"curies":[{"name":"wp","href":"https:\/\/api.w.org\/{rel}","templated":true}]}}