{"id":11132,"date":"2020-02-17T14:33:17","date_gmt":"2020-02-17T13:33:17","guid":{"rendered":"http:\/\/esclusivanieruchomosci.pl\/?page_id=11132"},"modified":"2020-02-25T10:32:34","modified_gmt":"2020-02-25T09:32:34","slug":"polityka-prywatnosci","status":"publish","type":"page","link":"https:\/\/esclusivanieruchomosci.pl\/it\/polityka-prywatnosci\/","title":{"rendered":"Polityka Prywatno\u015bci"},"content":{"rendered":"<div data-vc-full-width=\"true\" data-vc-full-width-init=\"false\" class=\"wpb-container vc_row\"><div class=\"wpb-container-inner\"><div class=\"container-full\"><div class=\"vc_row wpb_row vc_row-fluid row\"><div class=\"vc_ col-sm-12\"><div class=\"vc_column-inner vc_custom_1470477890538\"><div class=\"wpb_wrapper\"><div class=\"wpb_revslider_element wpb_content_element\"><link href=\"https:\/\/fonts.googleapis.com\/css?family=Montserrat:700%2C400\" rel=\"stylesheet\" property=\"stylesheet\" type=\"text\/css\" media=\"all\">\n<div id=\"rev_slider_8_1_wrapper\" class=\"rev_slider_wrapper fullwidthbanner-container\" data-source=\"gallery\" style=\"margin:0px auto;background:transparent;padding:0px;margin-top:0px;margin-bottom:0px;\">\n<!-- START REVOLUTION SLIDER 5.4.8 fullwidth mode -->\n\t<div id=\"rev_slider_8_1\" class=\"rev_slider fullwidthabanner\" style=\"display:none;\" data-version=\"5.4.8\">\n<ul>\t<!-- SLIDE  -->\n\t<li data-index=\"rs-12\" data-transition=\"notransition\" data-slotamount=\"default\" data-hideafterloop=\"0\" data-hideslideonmobile=\"off\"  data-easein=\"default\" data-easeout=\"default\" data-masterspeed=\"default\"  data-rotate=\"0\"  data-saveperformance=\"off\"  data-title=\"Slide\" data-param1=\"\" data-param2=\"\" data-param3=\"\" data-param4=\"\" data-param5=\"\" data-param6=\"\" data-param7=\"\" data-param8=\"\" data-param9=\"\" data-param10=\"\" data-description=\"\">\n\t\t<!-- MAIN IMAGE -->\n\t\t<img loading=\"lazy\" decoding=\"async\" src=\"https:\/\/esclusivanieruchomosci.pl\/wp-content\/uploads\/2015\/11\/footerbg.jpg\"  alt=\"\" title=\"footerbg\"  width=\"2003\" height=\"605\" data-bgposition=\"center center\" data-kenburns=\"on\" data-duration=\"10000\" data-ease=\"Linear.easeNone\" data-scalestart=\"100\" data-scaleend=\"120\" data-rotatestart=\"0\" data-rotateend=\"0\" data-blurstart=\"0\" data-blurend=\"0\" data-offsetstart=\"0 0\" data-offsetend=\"0 0\" class=\"rev-slidebg\" data-no-retina>\n\t\t<!-- LAYERS -->\n\n\t\t<!-- LAYER NR. 1 -->\n\t\t<div class=\"tp-caption   tp-resizeme\" \n\t\t\t id=\"slide-12-layer-5\" \n\t\t\t data-x=\"['left','left','left','left']\" data-hoffset=\"['819','819','819','819']\" \n\t\t\t data-y=\"['top','top','top','top']\" data-voffset=\"['-1','-1','-1','-1']\" \n\t\t\t\t\t\tdata-width=\"none\"\n\t\t\tdata-height=\"none\"\n\t\t\tdata-whitespace=\"nowrap\"\n \n\t\t\tdata-type=\"image\" \n\t\t\tdata-responsive_offset=\"on\" \n\n\t\t\tdata-frames='[{\"delay\":310,\"speed\":300,\"frame\":\"0\",\"to\":\"o:1;\",\"ease\":\"Power3.easeInOut\"},{\"delay\":\"wait\",\"speed\":300,\"frame\":\"999\",\"ease\":\"Power3.easeInOut\"}]'\n\t\t\tdata-textalign=\"['inherit','inherit','inherit','inherit']\"\n\t\t\tdata-paddingtop=\"[0,0,0,0]\"\n\t\t\tdata-paddingright=\"[0,0,0,0]\"\n\t\t\tdata-paddingbottom=\"[0,0,0,0]\"\n\t\t\tdata-paddingleft=\"[0,0,0,0]\"\n\n\t\t\tstyle=\"z-index: 6;\"><img loading=\"lazy\" decoding=\"async\" src=\"https:\/\/esclusivanieruchomosci.pl\/wp-content\/uploads\/2020\/02\/agentnieruchomosci-2.png\" alt=\"\" data-ww=\"['356px','356px','356px','356px']\" data-hh=\"['654px','654px','654px','654px']\" width=\"545\" height=\"1000\" data-no-retina> <\/div>\n\n\t\t<!-- LAYER NR. 2 -->\n\t\t<div class=\"tp-caption   tp-resizeme\" \n\t\t\t id=\"slide-12-layer-1\" \n\t\t\t data-x=\"['center','center','center','center']\" data-hoffset=\"['0','0','0','0']\" \n\t\t\t data-y=\"['top','top','top','top']\" data-voffset=\"['185','185','185','185']\" \n\t\t\t\t\t\tdata-fontsize=\"['50','50','50','29']\"\n\t\t\tdata-lineheight=\"['50','50','50','29']\"\n\t\t\tdata-width=\"none\"\n\t\t\tdata-height=\"none\"\n\t\t\tdata-whitespace=\"nowrap\"\n \n\t\t\tdata-type=\"text\" \n\t\t\tdata-responsive_offset=\"on\" \n\n\t\t\tdata-frames='[{\"delay\":500,\"speed\":300,\"frame\":\"0\",\"to\":\"o:1;\",\"ease\":\"Power2.easeInOut\"},{\"delay\":\"wait\",\"speed\":300,\"frame\":\"999\",\"ease\":\"nothing\"}]'\n\t\t\tdata-textalign=\"['left','left','left','left']\"\n\t\t\tdata-paddingtop=\"[0,0,0,0]\"\n\t\t\tdata-paddingright=\"[0,0,0,0]\"\n\t\t\tdata-paddingbottom=\"[0,0,0,0]\"\n\t\t\tdata-paddingleft=\"[0,0,0,0]\"\n\n\t\t\tstyle=\"z-index: 7; white-space: nowrap; font-size: 50px; line-height: 50px; font-weight: 700; color: rgba(255,255,255,1); letter-spacing: px;font-family:Montserrat;\"> <span class=\"esclusiva\">Esclusiva<\/span> Nieruchomo\u015bci  <\/div>\n\n\t\t<!-- LAYER NR. 3 -->\n\t\t<div class=\"tp-caption   tp-resizeme\" \n\t\t\t id=\"slide-12-layer-2\" \n\t\t\t data-x=\"['center','center','center','center']\" data-hoffset=\"['0','0','0','0']\" \n\t\t\t data-y=\"['top','top','top','top']\" data-voffset=\"['235','235','235','235']\" \n\t\t\t\t\t\tdata-fontsize=\"['20','20','20','18']\"\n\t\t\tdata-lineheight=\"['20','20','20','18']\"\n\t\t\tdata-width=\"none\"\n\t\t\tdata-height=\"none\"\n\t\t\tdata-whitespace=\"nowrap\"\n \n\t\t\tdata-type=\"text\" \n\t\t\tdata-responsive_offset=\"on\" \n\n\t\t\tdata-frames='[{\"delay\":500,\"speed\":300,\"frame\":\"0\",\"to\":\"o:1;\",\"ease\":\"Power2.easeInOut\"},{\"delay\":\"wait\",\"speed\":300,\"frame\":\"999\",\"ease\":\"nothing\"}]'\n\t\t\tdata-textalign=\"['left','left','left','left']\"\n\t\t\tdata-paddingtop=\"[0,0,0,0]\"\n\t\t\tdata-paddingright=\"[0,0,0,0]\"\n\t\t\tdata-paddingbottom=\"[0,0,0,0]\"\n\t\t\tdata-paddingleft=\"[0,0,0,0]\"\n\n\t\t\tstyle=\"z-index: 8; white-space: nowrap; font-size: 20px; line-height: 20px; font-weight: 400; color: rgba(204,204,204,1); letter-spacing: px;font-family:Montserrat;\">Znajd\u017a z nami swoj\u0105 wymarzon\u0105 <span class=\"nieruchomosc\">nieruchomo\u015b\u0107<\/span> <\/div>\n\t<\/li>\n<\/ul>\n<div class=\"tp-bannertimer tp-bottom\" style=\"visibility: hidden !important;\"><\/div>\t<\/div>\n<script>var htmlDiv = document.getElementById(\"rs-plugin-settings-inline-css\"); var htmlDivCss=\"\";\n\t\t\t\tif(htmlDiv) {\n\t\t\t\t\thtmlDiv.innerHTML = htmlDiv.innerHTML + htmlDivCss;\n\t\t\t\t}else{\n\t\t\t\t\tvar htmlDiv = document.createElement(\"div\");\n\t\t\t\t\thtmlDiv.innerHTML = \"<style>\" + htmlDivCss + \"<\/style>\";\n\t\t\t\t\tdocument.getElementsByTagName(\"head\")[0].appendChild(htmlDiv.childNodes[0]);\n\t\t\t\t}\n\t\t\t<\/script>\n\t\t<script type=\"text\/javascript\">\nif (setREVStartSize!==undefined) setREVStartSize(\n\t{c: '#rev_slider_8_1', responsiveLevels: [1240,1024,778,480], gridwidth: [1240,1024,778,480], gridheight: [610,768,960,720], sliderLayout: 'fullwidth'});\n\t\t\t\nvar revapi8,\n\ttpj;\t\n(function() {\t\t\t\n\tif (!\/loaded|interactive|complete\/.test(document.readyState)) document.addEventListener(\"DOMContentLoaded\",onLoad); else onLoad();\t\n\tfunction onLoad() {\t\t\t\t\n\t\tif (tpj===undefined) { tpj = jQuery; if(\"off\" == \"on\") tpj.noConflict();}\n\tif(tpj(\"#rev_slider_8_1\").revolution == undefined){\n\t\trevslider_showDoubleJqueryError(\"#rev_slider_8_1\");\n\t}else{\n\t\trevapi8 = tpj(\"#rev_slider_8_1\").show().revolution({\n\t\t\tsliderType:\"standard\",\n\t\t\tjsFileLocation:\"\/\/esclusivanieruchomosci.pl\/wp-content\/plugins\/revslider\/public\/assets\/js\/\",\n\t\t\tsliderLayout:\"fullwidth\",\n\t\t\tdottedOverlay:\"none\",\n\t\t\tdelay:5000,\n\t\t\tnavigation: {\n\t\t\t\tonHoverStop:\"off\",\n\t\t\t},\n\t\t\tresponsiveLevels:[1240,1024,778,480],\n\t\t\tvisibilityLevels:[1240,1024,778,480],\n\t\t\tgridwidth:[1240,1024,778,480],\n\t\t\tgridheight:[610,768,960,720],\n\t\t\tlazyType:\"none\",\n\t\t\tshadow:0,\n\t\t\tspinner:\"spinner0\",\n\t\t\tstopLoop:\"off\",\n\t\t\tstopAfterLoops:-1,\n\t\t\tstopAtSlide:-1,\n\t\t\tshuffle:\"off\",\n\t\t\tautoHeight:\"off\",\n\t\t\tdisableProgressBar:\"on\",\n\t\t\thideThumbsOnMobile:\"off\",\n\t\t\thideSliderAtLimit:0,\n\t\t\thideCaptionAtLimit:0,\n\t\t\thideAllCaptionAtLilmit:0,\n\t\t\tdebugMode:false,\n\t\t\tfallbacks: {\n\t\t\t\tsimplifyAll:\"off\",\n\t\t\t\tnextSlideOnWindowFocus:\"off\",\n\t\t\t\tdisableFocusListener:false,\n\t\t\t}\n\t\t});\n\t}; \/* END OF revapi call *\/\n\t\n }; \/* END OF ON LOAD FUNCTION *\/\n}()); \/* END OF WRAPPING FUNCTION *\/\n<\/script>\n\t\t<\/div><!-- END REVOLUTION SLIDER --><\/div><\/div><\/div><\/div><\/div><\/div><\/div><\/div><div class=\"vc_row-full-width\"><\/div><div class=\"wpb-container vc_row\"><div class=\"wpb-container-inner\"><div class=\"container\"><div class=\"vc_row wpb_row vc_row-fluid row  slider-search-transparent\"><div class=\"vc_ col-sm-12\"><div class=\"vc_column-inner\"><div class=\"wpb_wrapper\"><div class=\"opalestate-search-properties\">\n\t<div class=\"inner\">\n\t\t<div class=\"search-properies-form\">\n\t\t\t<form id=\"opalestate-search-form\" class=\"opalestate-search-form opalestate-search-form--h opalestate-rows\" action=\"https:\/\/esclusivanieruchomosci.pl\/it\/wyszukiwarka\/\" method=\"get\" data-trp-original-action=\"https:\/\/esclusivanieruchomosci.pl\/it\/wyszukiwarka\/\">\n    <div class=\"row opal-row\">\n        <div class=\"col-lg-3 col-md-3 col-sm-3\">\n            <h3>Cerca<\/h3>\n        <\/div>\n        <div class=\"col-lg-9 col-md-9 col-sm-9\">\n\t\t\t                <ul class=\"list-inline clearfix list-property-status\">\n                    <li class=\"status-item   active\" data-id=\"-1\">\n                        <span>Wszystkie<\/span>\n                    <\/li>\n\t\t\t\t\t\n                        <li class=\"status-item\" data-id=\"do-wynajecia\">\n                            <span>Do Wynaj\u0119cia <\/span>\n                        <\/li>\n\t\t\t\t\t\n                        <li class=\"status-item\" data-id=\"na-sprzedaz\">\n                            <span>Na Sprzeda\u017c <\/span>\n                        <\/li>\n\t\t\t\t\t                <\/ul>\n                <input type=\"hidden\" value=\"-1\" name=\"status\"\/>\n\t\t\t        <\/div>\n    <\/div>\n    <div class=\"row opal-row\">\n        <div class=\"col-lg-10 col-md-10 col-sm-10\">\n            <div class=\"row opal-row\">\n                <div class=\"col-lg-3 col-md-3 col-sm-3 search-text-form-field\">\n                    <label>S\u0142owo kluczowe<\/label>\n                    <input class=\"form-control\" name=\"search_text\">\n                <\/div>\n\n                <div class=\"col-lg-4 col-md-4 col-sm-4\">\n                    <label>Lokalizacja<\/label>\n\t\t\t\t\t<select  name='location' id='opalestate_location1771499899' class='form-control'>\n\t<option value='-1'>Dowolne<\/option>\n\t<option class=\"level-0\" value=\"oborniki-wielkopolskie\">Oborniki Wielkopolskie<\/option>\n\t<option class=\"level-0\" value=\"poland\">Poland<\/option>\n\t<option class=\"level-0\" value=\"polska\">Polska<\/option>\n\t<option class=\"level-0\" value=\"poznan\">Pozna\u0144<\/option>\n\t<option class=\"level-0\" value=\"poznan-grunwald\">Pozna\u0144 (Grunwald)<\/option>\n\t<option class=\"level-0\" value=\"poznan-jezyce\">Pozna\u0144 (Je\u017cyce)<\/option>\n\t<option class=\"level-0\" value=\"sardynia-wlochy\">Sardynia &#8211; W\u0142ochy<\/option>\n\t<option class=\"level-0\" value=\"wlochy\">W\u0142ochy<\/option>\n\t<option class=\"level-0\" value=\"wojewodztwo-lubelskie\">wojew\u00f3dztwo Lubelskie<\/option>\n\t<option class=\"level-0\" value=\"wszystkie\">Wszystkie<\/option>\n<\/select>\n                <\/div>\n                <div class=\"col-lg-8 col-md-8 col-sm-8\">\n                    <div class=\"row opal-row\">\n\t\t\t\t\t\t\t\t\t\t\t\t\t\t\t\t\t\t\t\t\t                                <div class=\"col-lg-4 col-md-4 col-sm-4\">\n                                    <label>Sypialnia<\/label>\n\t\t\t\t\t\t\t\t\t<select class=\"form-control\" name=\"info[bedrooms]\"><option value=\"\">Dowolne<\/option><option  value=\"1\">1<\/option><option  value=\"2\">2<\/option><option  value=\"3\">3<\/option><option  value=\"4\">4<\/option><option  value=\"5\">5<\/option><option  value=\"6\">6<\/option><option  value=\"7\">7<\/option><option  value=\"8\">8<\/option><option  value=\"9\">9<\/option><option  value=\"10\">10<\/option><\/select>                                <\/div>\n\t\t\t\t\t\t\t\t\t\t\t\t\t\t\t                                <div class=\"col-lg-4 col-md-4 col-sm-4\">\n                                    <label>\u0141azienka<\/label>\n\t\t\t\t\t\t\t\t\t<select class=\"form-control\" name=\"info[bathrooms]\"><option value=\"\">Dowolne<\/option><option  value=\"1\">1<\/option><option  value=\"2\">2<\/option><option  value=\"3\">3<\/option><option  value=\"4\">4<\/option><option  value=\"5\">5<\/option><option  value=\"6\">6<\/option><option  value=\"7\">7<\/option><option  value=\"8\">8<\/option><option  value=\"9\">9<\/option><option  value=\"10\">10<\/option><\/select>                                <\/div>\n\t\t\t\t\t\t\t\t\t\t\t\t\t\t\t                                <div class=\"col-lg-4 col-md-4 col-sm-4\">\n                                    <label>Pok\u00f3j<\/label>\n\t\t\t\t\t\t\t\t\t<select class=\"form-control\" name=\"info[amountrooms]\"><option value=\"\">Dowolne<\/option><option  value=\"1\">1<\/option><option  value=\"2\">2<\/option><option  value=\"3\">3<\/option><option  value=\"4\">4<\/option><option  value=\"5\">5<\/option><option  value=\"6\">6<\/option><option  value=\"7\">7<\/option><option  value=\"8\">8<\/option><option  value=\"9\">9<\/option><option  value=\"10\">10<\/option><\/select>                                <\/div>\n\t\t\t\t\t\t\t\t\t\t\t\t\t                    <\/div>\n                <\/div>\n\n                <div class=\"col-lg-4 col-md-4 col-sm-4\">\n                    <label>Typ Nieruchomo\u015bci<\/label>\n\t\t\t\t\t<select  name='types' id='opalestate_types727323458' class='form-control'>\n\t<option value='-1' selected='selected'>Dowolne<\/option>\n\t<option class=\"level-0\" value=\"apartament\">Apartament<\/option>\n\t<option class=\"level-0\" value=\"dom\">Dom<\/option>\n\t<option class=\"level-0\" value=\"dzialka\">Dzia\u0142ka<\/option>\n\t<option class=\"level-0\" value=\"hotel\">Hotel<\/option>\n\t<option class=\"level-0\" value=\"kawalerka\">Kawalerka<\/option>\n\t<option class=\"level-0\" value=\"loft\">Loft<\/option>\n\t<option class=\"level-0\" value=\"lokal-uslugowy\">Lokal us\u0142ugowy<\/option>\n\t<option class=\"level-0\" value=\"mieszkanie\">Mieszkanie<\/option>\n<\/select>\n                <\/div>\n\t\t\t\t                    <div class=\"col-lg-4 col-md-4 col-sm-4\">\n\t\t\t\t\t\t    <div class=\"opal-slide-ranger\" data-unit=\"&#122;&#322; \" data-unitpos=\"postfix\" data-decimals=\"2\" data-thousand=\",\">\n\n        <label>            <span class=\"slide-ranger-min-label\"><\/span> <i>-<\/i>\n            <span class=\"slide-ranger-max-label\"><\/span><\/label>\n        <div class=\"slide-ranger-bar\" data-min=\"0\" data-max=\"10000000\"><\/div>\n\n        <input type=\"hidden\" class=\"slide-ranger-min-input\" autocomplete=\"off\" name=\"min_price\" value=\"0\"\/>\n        <input type=\"hidden\" name=\"max_price\" autocomplete=\"off\" class=\"slide-ranger-max-input\" value=\"10000000\"\/>\n    <\/div>\n\t                    <\/div>\n\t\t\t\t\t\t\t\t                    <div class=\"col-lg-4 col-md-4 col-sm-4\">\n\t\t\t\t\t\t    <div class=\"opal-slide-ranger\" data-unit=\"m2 \" data-unitpos=\"postfix\" data-decimals=\"0\" data-thousand=\",\">\n\n        <label>            <span class=\"slide-ranger-min-label\"><\/span> <i>-<\/i>\n            <span class=\"slide-ranger-max-label\"><\/span><\/label>\n        <div class=\"slide-ranger-bar\" data-min=\"0\" data-max=\"1000\"><\/div>\n\n        <input type=\"hidden\" class=\"slide-ranger-min-input\" autocomplete=\"off\" name=\"min_area\" value=\"0\"\/>\n        <input type=\"hidden\" name=\"max_area\" autocomplete=\"off\" class=\"slide-ranger-max-input\" value=\"1000\"\/>\n    <\/div>\n\t                    <\/div>\n\t\t\t\t            <\/div>\n        <\/div>\n        <div class=\"col-lg-2 col-md-2  col-sm-2\">\n            <button type=\"submit\" class=\"btn btn-primary btn-lg btn-search\">\n\t\t\t\tSzukaj            <\/button>\n        <\/div>\n    <\/div>\n\n\t<input type=\"hidden\" name=\"trp-form-language\" value=\"it\"\/><\/form>\n \n\t\t<\/div>\n\t<\/div>\n<\/div>\t\n<\/div><\/div><\/div><\/div><\/div><\/div><\/div><div class=\"wpb-container vc_row vc_custom_1581947090539\"><div class=\"wpb-container-inner\"><div class=\"container\"><div class=\"vc_row wpb_row vc_row-fluid row\"><div class=\"vc_ col-sm-12\"><div class=\"vc_column-inner\"><div class=\"wpb_wrapper\">\r\n<div class=\"widget-text-heading onas default\">\r\n\t        <h3 class=\"widget-heading\" >\r\n           <span><span>Polityka Prywatno\u015bci<\/span><\/span>\r\n                    <\/h3>\r\n    <\/div>\n\t<div class=\"wpb_text_column wpb_content_element  wpb_animate_when_almost_visible wpb_slideInLeft slideInLeft textcontentforpage\" >\n\t\t<div class=\"wpb_wrapper\">\n\t\t\t<h2>Polityka prywatno\u015bci oraz ochrony danych osobowych (RODO)<\/h2>\n<p>Podanie danych osobowych, a tak\u017ce zgoda na ich przetwarzanie s\u0105 ca\u0142kowicie dobrowolne. Wszystkie dane osobowe, kt\u00f3re zosta\u0142y nam przekazane s\u0105 przetwarzane wy\u0142\u0105cznie w zakresie i celu na jaki wyrazili\u015bcie Pa\u0144stwo zgod\u0119.<\/p>\n<p>Rozporz\u0105dzenie o Ochronie Danych Osobowych (RODO)\u00a0 gwarantuje Pa\u0144stwu prawo, prawo mi\u0119dzy innymi:<\/p>\n<ul>\n<li>prawo dost\u0119pu do danych<\/li>\n<li>prawo do sprostowania i poprawy danych<\/li>\n<li>prawo do ograniczenia przetwarzania danych<\/li>\n<li>prawo do sprzeciwu i niepodleganiu decyzji opartych na automatycznym przetwarzaniu<\/li>\n<\/ul>\n<p><strong>Zgodnie z art. 13 og\u00f3lnego rozporz\u0105dzenia o ochronie danych osobowych z dnia 27 kwietnia 2016 r. (RODO) informujemy co nast\u0119puje :<\/strong><\/p>\n<ol>\n<li>Administratorem Pa\u0144stwa danych osobowych jest Esclusiva Nieruchomo\u015bci Wioletta Sochan, ul. Rolna 6\/29, 61-513 Pozna\u0144 NIP 922-23-94-444 ; email : <a href=\"mailto:biuro@esclusivanieruchomosci.pl\">biuro@esclusivanieruchomosci.pl<\/a><\/li>\n<li>Informujemy, \u017ce Pa\u0144stwa dane osobowe przetwarzane b\u0119d\u0105 w celu wykonania umowy po\u015brednictwa przy sprzeda\u017cy, kupnie, wynajmie oraz najmie okre\u015blonych nieruchomo\u015bci.<\/li>\n<li>Odbiorcami Pana\/Pani danych osobowych b\u0119d\u0105 pracownicy (wsp\u00f3\u0142pracownicy) administratora oraz inne podmioty kt\u00f3rym administrator powierzy\u0142 przetwarzanie danych w celach realizacji przedmiotowych us\u0142ug zwi\u0105zanych z profilem dzia\u0142alno\u015bci podmiotu. W ramach realizacji us\u0142ugi b\u0119d\u0105 to inne podmioty wspieraj\u0105ce, kt\u00f3rym administrator powierzy\u0142 przetwarzanie danych\u00a0 (np. dostawcy oprogramowania, dostawcy hostingu, biuro ksi\u0119gowo-kadrowe, biuro prawne, firmy dostarczaj\u0105ce narz\u0119dzia informatyczne wykorzystywane na stronach internetowych, banki) oraz inni po\u015brednicy wsp\u00f3\u0142pracuj\u0105cy i notariusze.<\/li>\n<li>Wysy\u0142aj\u0105c zapytanie o dan\u0105 ofert\u0119, dobrowolnie udost\u0119pniasz swoje dane osobowe firmie prowadz\u0105cej t\u0119 stron\u0119. Twoje dane b\u0119d\u0105 wykorzystywane wy\u0142\u0105cznie do cel\u00f3w kontaktu<\/li>\n<li>Pani\/Pana dane nie b\u0119d\u0105\u00a0 przekazane do Pa\u0144stw trzecich<\/li>\n<li>Pana\/Pani dane osobowe przechowywane b\u0119d\u0105 przez okres obowi\u0105zywania umowy jak i do czasu ustawowego przechowywania dokument\u00f3w rozliczeniowych.<\/li>\n<li>Podanie przez Pa\u0144stwa danych osobowych ma charakter dobrowolny, jednak\u017ce jest niezb\u0119dne do podj\u0119cia dzia\u0142a\u0144 maj\u0105cych na celu zawarcie umowy i\/lub zapewnienia realizacji zapis\u00f3w i postanowie\u0144 umowy mi\u0119dzy stronami.<\/li>\n<li>Niepodanie danych w zakresie wymaganym przez administratora mo\u017ce skutkowa\u0107 odmow\u0105 zawarcia umowy<\/li>\n<li>Pa\u0144stwa dane nie b\u0119d\u0105 przetwarzane w spos\u00f3b zautomatyzowany w tym r\u00f3wnie\u017c w formie profilowania.<\/li>\n<li>Posiadaj\u0105 Pa\u0144stwo prawo dost\u0119pu do tre\u015bci swoich danych osobowych, prawo do ich sprostowania, usuni\u0119cia oraz prawo do ograniczenia ich przetwarzania, a ponadto tak\u017ce prawo do cofni\u0119cia udzielonej zgody w dowolnym momencie. Posiadaj\u0105 Pa\u0144stwo r\u00f3wnie\u017c prawo przenoszenia swoich danych oraz prawo do wniesienia sprzeciwu wobec przetwarzania Pa\u0144stwa danych osobowych.<\/li>\n<li>Wszelkie pytania i wnioski dotycz\u0105ce danych osobowych prosimy kierowa\u0107 na adres pocztowy administratora lub na email : biuro@esclusivanieruchomosci.pl<\/li>\n<\/ol>\n\n\t\t<\/div>\n\t<\/div>\n<div class=\"vc_empty_space\"   style=\"height: 50px\"><span class=\"vc_empty_space_inner\"><\/span><\/div><\/div><\/div><\/div><\/div><\/div><\/div><\/div>","protected":false},"excerpt":{"rendered":"Esclusiva Nieruchomo\u015bci Znajd\u017a z nami swoj\u0105 wymarzon\u0105 nieruchomo\u015b\u0107 Wyszukiwarka Wszystkie Do Wynaj\u0119cia Na Sprzeda\u017c S\u0142owo kluczowe Lokalizacja Dowolne Oborniki Wielkopolskie Poland Polska Pozna\u0144 Pozna\u0144 (Grunwald) Pozna\u0144 (Je\u017cyce) Sardynia &#8211; W\u0142ochy W\u0142ochy wojew\u00f3dztwo Lubelskie Wszystkie Sypialnia Dowolne12345678910 \u0141azienka Dowolne12345678910 Pok\u00f3j Dowolne12345678910 Typ Nieruchomo\u015bci Dowolne Apartament Dom Dzia\u0142ka Hotel Kawalerka Loft Lokal us\u0142ugowy Mieszkanie - - Szukaj &hellip; <a href=\"https:\/\/esclusivanieruchomosci.pl\/it\/polityka-prywatnosci\/\" class=\"more-link\">Continue reading <span class=\"screen-reader-text\">Polityka Prywatno\u015bci<\/span> <span class=\"meta-nav\">&rarr;<\/span><\/a>","protected":false},"author":1,"featured_media":0,"parent":0,"menu_order":0,"comment_status":"closed","ping_status":"closed","template":"","meta":{"footnotes":""},"class_list":["post-11132","page","type-page","status-publish","hentry"],"aioseo_notices":[],"_links":{"self":[{"href":"https:\/\/esclusivanieruchomosci.pl\/it\/wp-json\/wp\/v2\/pages\/11132","targetHints":{"allow":["GET"]}}],"collection":[{"href":"https:\/\/esclusivanieruchomosci.pl\/it\/wp-json\/wp\/v2\/pages"}],"about":[{"href":"https:\/\/esclusivanieruchomosci.pl\/it\/wp-json\/wp\/v2\/types\/page"}],"author":[{"embeddable":true,"href":"https:\/\/esclusivanieruchomosci.pl\/it\/wp-json\/wp\/v2\/users\/1"}],"replies":[{"embeddable":true,"href":"https:\/\/esclusivanieruchomosci.pl\/it\/wp-json\/wp\/v2\/comments?post=11132"}],"version-history":[{"count":4,"href":"https:\/\/esclusivanieruchomosci.pl\/it\/wp-json\/wp\/v2\/pages\/11132\/revisions"}],"predecessor-version":[{"id":11368,"href":"https:\/\/esclusivanieruchomosci.pl\/it\/wp-json\/wp\/v2\/pages\/11132\/revisions\/11368"}],"wp:attachment":[{"href":"https:\/\/esclusivanieruchomosci.pl\/it\/wp-json\/wp\/v2\/media?parent=11132"}],"curies":[{"name":"wp","href":"https:\/\/api.w.org\/{rel}","templated":true}]}}